{"id":872,"date":"2015-09-27T22:27:48","date_gmt":"2015-09-27T21:27:48","guid":{"rendered":"http:\/\/magriffeetmaplume.com\/?page_id=872"},"modified":"2017-03-14T11:32:01","modified_gmt":"2017-03-14T10:32:01","slug":"872-2","status":"publish","type":"page","link":"https:\/\/magriffeetmaplume.com\/?page_id=872","title":{"rendered":"Qui suis-je&#160;?"},"content":{"rendered":"<p>[et_pb_section bb_built=\u00a0\u00bb1&Prime; admin_label=\u00a0\u00bbSection\u00a0\u00bb fullwidth=\u00a0\u00bboff\u00a0\u00bb specialty=\u00a0\u00bboff\u00a0\u00bb transparent_background=\u00a0\u00bboff\u00a0\u00bb allow_player_pause=\u00a0\u00bboff\u00a0\u00bb inner_shadow=\u00a0\u00bboff\u00a0\u00bb parallax=\u00a0\u00bboff\u00a0\u00bb parallax_method=\u00a0\u00bboff\u00a0\u00bb padding_mobile=\u00a0\u00bboff\u00a0\u00bb make_fullwidth=\u00a0\u00bboff\u00a0\u00bb use_custom_width=\u00a0\u00bboff\u00a0\u00bb width_unit=\u00a0\u00bbon\u00a0\u00bb make_equal=\u00a0\u00bboff\u00a0\u00bb use_custom_gutter=\u00a0\u00bboff\u00a0\u00bb][et_pb_row admin_label=\u00a0\u00bbLigne\u00a0\u00bb make_fullwidth=\u00a0\u00bboff\u00a0\u00bb use_custom_width=\u00a0\u00bboff\u00a0\u00bb width_unit=\u00a0\u00bbon\u00a0\u00bb use_custom_gutter=\u00a0\u00bboff\u00a0\u00bb padding_mobile=\u00a0\u00bboff\u00a0\u00bb allow_player_pause=\u00a0\u00bboff\u00a0\u00bb parallax=\u00a0\u00bboff\u00a0\u00bb parallax_method=\u00a0\u00bboff\u00a0\u00bb make_equal=\u00a0\u00bbon\u00a0\u00bb column_padding_mobile=\u00a0\u00bbon\u00a0\u00bb][et_pb_column type=\u00a0\u00bb1_4&Prime;][et_pb_image admin_label=\u00a0\u00bbImage\u00a0\u00bb global_parent=\u00a0\u00bb989&Prime; src=\u00a0\u00bbhttp:\/\/magriffeetmaplume.com\/wp-content\/uploads\/2015\/07\/LOGOMagriffe1.png\u00a0\u00bb show_in_lightbox=\u00a0\u00bboff\u00a0\u00bb url_new_window=\u00a0\u00bbon\u00a0\u00bb animation=\u00a0\u00bbleft\u00a0\u00bb sticky=\u00a0\u00bbon\u00a0\u00bb align=\u00a0\u00bbcenter\u00a0\u00bb force_fullwidth=\u00a0\u00bboff\u00a0\u00bb always_center_on_mobile=\u00a0\u00bbon\u00a0\u00bb use_border_color=\u00a0\u00bboff\u00a0\u00bb border_color=\u00a0\u00bb#ffffff\u00a0\u00bb border_style=\u00a0\u00bbsolid\u00a0\u00bb url=\u00a0\u00bbhttp:\/\/magriffeetmaplume.com\u00a0\u00bb] [\/et_pb_image][\/et_pb_column][et_pb_column type=\u00a0\u00bb1_2&Prime;][et_pb_text admin_label=\u00a0\u00bbTexte\u00a0\u00bb global_parent=\u00a0\u00bb989&Prime; background_layout=\u00a0\u00bblight\u00a0\u00bb text_orientation=\u00a0\u00bbcenter\u00a0\u00bb use_border_color=\u00a0\u00bboff\u00a0\u00bb border_color=\u00a0\u00bb#ffffff\u00a0\u00bb border_style=\u00a0\u00bbsolid\u00a0\u00bb custom_margin=\u00a0\u00bb45px|||\u00a0\u00bb]<\/p>\n<h3><a style=\"color: #ffcc00;\" href=\"http:\/\/magriffeetmaplume.com\/?page_id=872\">Qui suis-je&#160;?<\/a><\/h3>\n<p>[\/et_pb_text][\/et_pb_column][et_pb_column type=\u00a0\u00bb1_4&Prime;][\/et_pb_column][\/et_pb_row][\/et_pb_section][et_pb_section bb_built=\u00a0\u00bb1&Prime; admin_label=\u00a0\u00bbSection\u00a0\u00bb fullwidth=\u00a0\u00bboff\u00a0\u00bb specialty=\u00a0\u00bboff\u00a0\u00bb][et_pb_row admin_label=\u00a0\u00bbLigne\u00a0\u00bb][et_pb_column type=\u00a0\u00bb1_2&Prime;][et_pb_text admin_label=\u00a0\u00bbTexte\u00a0\u00bb background_layout=\u00a0\u00bblight\u00a0\u00bb text_orientation=\u00a0\u00bbleft\u00a0\u00bb use_border_color=\u00a0\u00bboff\u00a0\u00bb border_color=\u00a0\u00bb#ffffff\u00a0\u00bb border_style=\u00a0\u00bbsolid\u00a0\u00bb]<\/p>\n<p><span style=\"color: #ffcc00;\"><strong>Qui est derri\u00e8re Ma griffe et ma plume&#160;?<\/strong><\/span><br \/>\nUne femme,\u00a0curieuse\u00a0et\u00a0sensible, qui fuit la routine et la banalit\u00e9, aime la vie et les belles rencontres.<\/p>\n<p>Je suis n\u00e9e et j&rsquo;ai grandi en banlieue parisienne.\u00a0J&rsquo;ai toujours aim\u00e9 voyager, r\u00eaver et m&rsquo;instruire par la lecture&#8230; Enfant, les livres \u00e9taient mon refuge et mon \u00e9vasion, et aujourd&rsquo;hui lire et \u00e9crire font mon plaisir. Attir\u00e9e aussi par la peinture, le dessin, ce sont les Lettres Modernes que j&rsquo;ai choisi d&rsquo;\u00e9tudier, \u00e0 la facult\u00e9 de Rennes, o\u00f9 j&rsquo;ai d\u00e9croch\u00e9 une licence en 1984.<\/p>\n<p><span style=\"color: #ffcc00;\"><strong>Des livres aux ordinateurs<\/strong><\/span><br \/>\nL&rsquo;envie de \u00ab&#160;fabriquer des livres&#160;\u00bb m&rsquo;a peu \u00e0 peu amen\u00e9e \u00e0 l&rsquo;ordinateur&#8230; \u00a0Je me suis form\u00e9e, au cours de stages \u00e0 l&rsquo;\u00e9cole Dupp\u00e9r\u00e9, mais aussi \u00ab&#160;sur le tas&#160;\u00bb \u00e0 la pao (publication assist\u00e9e par ordinateur), et j&rsquo;ai appris le maniement d&rsquo;X-Press, Illustrator et Photoshop, et plus tard d&rsquo;InDesign&#8230;<br \/>\nJ&rsquo;ai travaill\u00e9 pendant 15 ans, \u00e0 Paris, en tant que salari\u00e9e ou en free-lance dans l&rsquo;\u00e9dition (secr\u00e9taire et secr\u00e9taire d&rsquo;\u00e9dition chez Flammarion, Tchou, Hachette, Atlas), et au sein d&rsquo;agences de communication en tant que conceptrice-r\u00e9dactrice et maquettiste.<\/p>\n<p>Mon travail consistait \u00e0 mettre en pages textes et images, \u00e9crire des titres accrocheurs, relire, corriger ou remanier les textes, pour assurer la coh\u00e9rence de l\u2019ensemble jusqu&rsquo;au \u00ab&#160;Bon \u00e0 tirer&#160;\u00bb chez l\u2019imprimeur.<br \/>\nAu gr\u00e9 des opportunit\u00e9s et parce que j\u2019aime d\u00e9couvrir de nouveaux horizons, j\u2019ai navigu\u00e9 entre les univers de l\u2019\u00e9dition, la pub ou la presse&#160;: une richesse&#160;!<\/p>\n<p>[\/et_pb_text][\/et_pb_column][et_pb_column type=\u00a0\u00bb1_2&Prime;][et_pb_image admin_label=\u00a0\u00bbma photo\u00a0\u00bb src=\u00a0\u00bbhttp:\/\/magriffeetmaplume.com\/wp-content\/uploads\/2015\/09\/portraitcombourg.jpg\u00a0\u00bb show_in_lightbox=\u00a0\u00bboff\u00a0\u00bb url_new_window=\u00a0\u00bboff\u00a0\u00bb animation=\u00a0\u00bbleft\u00a0\u00bb sticky=\u00a0\u00bboff\u00a0\u00bb align=\u00a0\u00bbleft\u00a0\u00bb force_fullwidth=\u00a0\u00bboff\u00a0\u00bb always_center_on_mobile=\u00a0\u00bbon\u00a0\u00bb use_border_color=\u00a0\u00bboff\u00a0\u00bb border_color=\u00a0\u00bb#ffffff\u00a0\u00bb border_style=\u00a0\u00bbsolid\u00a0\u00bb] [\/et_pb_image][et_pb_text admin_label=\u00a0\u00bbTexte\u00a0\u00bb background_layout=\u00a0\u00bblight\u00a0\u00bb text_orientation=\u00a0\u00bbleft\u00a0\u00bb use_border_color=\u00a0\u00bboff\u00a0\u00bb border_color=\u00a0\u00bb#ffffff\u00a0\u00bb border_style=\u00a0\u00bbsolid\u00a0\u00bb]<\/p>\n<p><span style=\"color: #ffcc00;\"><strong>Et le web dans tout \u00e7a&#160;?<\/strong><\/span><br \/>\nD\u00e8s 1995, lorsqu&rsquo;internet a \u00ab&#160;d\u00e9marr\u00e9&#160;\u00bb en France, je me suis passionn\u00e9e pour la toile et me suis form\u00e9e \u00e0 la cr\u00e9ation de sites internet. Depuis, les techniques ont bien chang\u00e9 et je suis pass\u00e9e aux CMS, et notamment WordPress. C&rsquo;est cela internet&#160;: constante \u00e9volution des techniques&#8230;<\/p>\n<p><span style=\"color: #ffcc00;\"><strong>Envie de changement<\/strong><\/span><br \/>\nEn 2006, en qu\u00eate d&rsquo;une vie plus \u00ab&#160;verte&#160;\u00bb\u200b, mais aussi plus authentique, j&rsquo;ai quitt\u00e9 Paris pour me rapprocher de la Bretagne dont je suis originaire.\u00a0A Rennes, j&rsquo;\u200bai travaill\u00e9 comme r\u00e9dactrice web, et\u00a0\u00e0 la r\u00e9daction de Ouest-France pendant 7 ans.<\/p>\n<p>Install\u00e9e maintenant \u00e0 Combourg, petite ville de campagne \u00e0 mi-chemin entre Rennes et Saint-Malo, j&rsquo;y ai cr\u00e9\u00e9\u00a0en juillet 2015\u00a0Ma griffe et ma plume. Inspir\u00e9e par\u00a0mon amour des chats et des oiseaux, mais\u00a0surtout guid\u00e9e par mon envie d&rsquo;\u00e9crire et de faire des images, de\u00a0cr\u00e9er une communication \u00e0 mon image, et des liens, autour de moi.<\/p>\n<p>[\/et_pb_text][\/et_pb_column][\/et_pb_row][et_pb_row admin_label=\u00a0\u00bbLigne\u00a0\u00bb][et_pb_column type=\u00a0\u00bb4_4&Prime;][et_pb_divider admin_label=\u00a0\u00bbS\u00e9parateur\u00a0\u00bb color=\u00a0\u00bb#ffffff\u00a0\u00bb show_divider=\u00a0\u00bboff\u00a0\u00bb divider_style=\u00a0\u00bbsolid\u00a0\u00bb divider_position=\u00a0\u00bbtop\u00a0\u00bb hide_on_mobile=\u00a0\u00bbon\u00a0\u00bb height=\u00a0\u00bb4&Prime;] [\/et_pb_divider][\/et_pb_column][\/et_pb_row][et_pb_row admin_label=\u00a0\u00bbLigne\u00a0\u00bb make_fullwidth=\u00a0\u00bboff\u00a0\u00bb use_custom_width=\u00a0\u00bboff\u00a0\u00bb width_unit=\u00a0\u00bbon\u00a0\u00bb use_custom_gutter=\u00a0\u00bboff\u00a0\u00bb padding_mobile=\u00a0\u00bboff\u00a0\u00bb allow_player_pause=\u00a0\u00bboff\u00a0\u00bb parallax=\u00a0\u00bboff\u00a0\u00bb parallax_method=\u00a0\u00bboff\u00a0\u00bb make_equal=\u00a0\u00bboff\u00a0\u00bb column_padding_mobile=\u00a0\u00bbon\u00a0\u00bb][et_pb_column type=\u00a0\u00bb4_4&Prime;][\/et_pb_column][\/et_pb_row][et_pb_row admin_label=\u00a0\u00bbLigne\u00a0\u00bb make_fullwidth=\u00a0\u00bboff\u00a0\u00bb use_custom_width=\u00a0\u00bboff\u00a0\u00bb width_unit=\u00a0\u00bbon\u00a0\u00bb use_custom_gutter=\u00a0\u00bboff\u00a0\u00bb padding_mobile=\u00a0\u00bboff\u00a0\u00bb allow_player_pause=\u00a0\u00bboff\u00a0\u00bb parallax=\u00a0\u00bboff\u00a0\u00bb parallax_method=\u00a0\u00bboff\u00a0\u00bb make_equal=\u00a0\u00bboff\u00a0\u00bb column_padding_mobile=\u00a0\u00bbon\u00a0\u00bb][et_pb_column type=\u00a0\u00bb4_4&Prime;][et_pb_divider admin_label=\u00a0\u00bbS\u00e9parateur\u00a0\u00bb color=\u00a0\u00bb#ffffff\u00a0\u00bb show_divider=\u00a0\u00bboff\u00a0\u00bb divider_style=\u00a0\u00bbsolid\u00a0\u00bb divider_position=\u00a0\u00bbtop\u00a0\u00bb hide_on_mobile=\u00a0\u00bbon\u00a0\u00bb height=\u00a0\u00bb10&Prime;] [\/et_pb_divider][\/et_pb_column][\/et_pb_row][\/et_pb_section][et_pb_section bb_built=\u00a0\u00bb1&Prime; admin_label=\u00a0\u00bbSection\u00a0\u00bb fullwidth=\u00a0\u00bboff\u00a0\u00bb specialty=\u00a0\u00bboff\u00a0\u00bb transparent_background=\u00a0\u00bbon\u00a0\u00bb allow_player_pause=\u00a0\u00bboff\u00a0\u00bb inner_shadow=\u00a0\u00bboff\u00a0\u00bb parallax=\u00a0\u00bboff\u00a0\u00bb parallax_method=\u00a0\u00bboff\u00a0\u00bb padding_mobile=\u00a0\u00bboff\u00a0\u00bb make_fullwidth=\u00a0\u00bboff\u00a0\u00bb use_custom_width=\u00a0\u00bboff\u00a0\u00bb width_unit=\u00a0\u00bbon\u00a0\u00bb make_equal=\u00a0\u00bboff\u00a0\u00bb use_custom_gutter=\u00a0\u00bboff\u00a0\u00bb][et_pb_row admin_label=\u00a0\u00bbLigne\u00a0\u00bb][et_pb_column type=\u00a0\u00bb4_4&Prime;][et_pb_divider admin_label=\u00a0\u00bbS\u00e9parateur\u00a0\u00bb color=\u00a0\u00bb#ffffff\u00a0\u00bb show_divider=\u00a0\u00bboff\u00a0\u00bb height=\u00a0\u00bb60&Prime; divider_style=\u00a0\u00bbsolid\u00a0\u00bb divider_position=\u00a0\u00bbtop\u00a0\u00bb hide_on_mobile=\u00a0\u00bbon\u00a0\u00bb] [\/et_pb_divider][\/et_pb_column][\/et_pb_row][\/et_pb_section]<\/p>\n","protected":false},"excerpt":{"rendered":"<p>Qui suis-je ? Qui est derri\u00e8re Ma griffe et ma plume ? Une femme,\u00a0curieuse\u00a0et\u00a0sensible, qui fuit la routine et la banalit\u00e9, aime la vie et les belles rencontres. Je suis n\u00e9e et j&rsquo;ai grandi en banlieue parisienne.\u00a0J&rsquo;ai toujours aim\u00e9 voyager, r\u00eaver et m&rsquo;instruire par la lecture&#8230; Enfant, les livres \u00e9taient mon refuge et mon \u00e9vasion, [&hellip;]<\/p>\n","protected":false},"author":1,"featured_media":0,"parent":0,"menu_order":0,"comment_status":"closed","ping_status":"closed","template":"","meta":{"_et_pb_use_builder":"on","_et_pb_old_content":"<strong>Qui est derri\u00e8re Ma griffe et ma plume ?<\/strong>\r\nUne femme ! Souvent inspir\u00e9e, plut\u00f4t esth\u00e8te, tr\u00e8s curieuse, sensible, qui fuit la routine et la banalit\u00e9, aime la vie et les belles rencontres !\r\n\r\nJe suis n\u00e9e et j'ai grandi en banlieue parisienne.\r\nJ'ai toujours aim\u00e9 voyager, r\u00eaver et s'instruire par la lecture... Enfant, les livres \u00e9taient mon refuge et mon \u00e9vasion, et cela a dur\u00e9 longtemps! Attir\u00e9e \u00e9galement par la peinture, le dessin, j'ai finalement choisi d'\u00e9tudier les Lettres Modernes, \u00e0 la facult\u00e9 de Rennes, o\u00f9 j'ai d\u00e9croch\u00e9 une licence de Lettres, en 1984.\r\n\r\n<strong>L'envie de \"fabriquer des livres\" m'a peu \u00e0 peu conduit aux ordinateurs...<\/strong>\r\nJe me suis form\u00e9e, au cours de stages \u00e0 l'\u00e9cole Dupp\u00e9r\u00e9, mais aussi \"sur le tas\" \u00e0 la pao (publication assist\u00e9e par ordinateur), et j'ai appris le maniement d'X-Press, Illustrator et Photoshop, et plus tard d'InDesign...\r\nJ'ai travaill\u00e9 pendant 15 ans, \u00e0 Paris, en tant que salari\u00e9e ou en free-lance dans l'\u00e9dition (secr\u00e9taire et secr\u00e9taire d'\u00e9dition chez Flammarion, Tchou, Hachette, Atlas), et au sein d'agences de communication en tant que conceptrice-r\u00e9dactrice et maquettiste, apr\u00e8s m'\u00eatre form\u00e9e \u00e0 la pao \u00e0 l'\u00e9cole Dupp\u00e9r\u00e9 (pour CMM, M6, Mundocom, Chanel, etc.) Mon travail consistait \u00e0 mettre en pages textes et images, \u00e9crire des titres accrocheurs, relire, corriger, adapter les textes et assurer la coh\u00e9rence de l\u2019ensemble jusqu'au \u00ab Bon \u00e0 tirer \u00bb chez l\u2019imprimeur.\r\nAu gr\u00e9 des opportunit\u00e9s et parce que j\u2019aime apprendre et d\u00e9couvrir de nouveaux horizons, j\u2019ai navigu\u00e9 entre les univers tr\u00e8s diff\u00e9rents de l\u2019\u00e9dition, la pub ou la presse. Finalement l\u2019objectif restait le m\u00eame : faire preuve de cr\u00e9ativit\u00e9, r\u00e9activit\u00e9, vigilance pour que le document final satisfasse au mieux le lecteur ou le client. \r\n<strong>Et le web dans tout \u00e7a ?<\/strong>\r\nD\u00e8s 1995, lorsqu'internet a \"d\u00e9marr\u00e9\" en France, je me suis passionn\u00e9e pour la toile et me suis form\u00e9e \u00e0 la cr\u00e9ation de sites internet, gr\u00e2ce \u00e0 un stage \u00e0 l'Imcad \u00e0 Paris. Depuis, les techniques ont bien chang\u00e9es et je suis pass\u00e9e aux CMS, et notamment Wordpress. C'est cela internet : constante \u00e9volution des techniques...\r\n<strong>Envie de changement!<\/strong>\r\nEn 2006, en qu\u00eate d'une vie plus \"verte\"\u200b, mais aussi plus authentique, j'ai quitt\u00e9 Paris pour me rapprocher de la Bretagne d'o\u00f9 je viens.  \r\nA Rennes, j'\u200bai travaill\u00e9 6 mois comme r\u00e9dactrice web, puis \u00e0 la r\u00e9daction de Ouest-France pendant 7 ans.\r\nInstall\u00e9e maintenant \u00e0 Combourg, j'ai d\u00e9cid\u00e9 de mettre \u00e0 profit toute cette exp\u00e9rience pour vous aider \u00e0 communiquer au mieux. Ma polyvalence est mon atout.\r\n<strong>Avec Ma griffe et ma plume, je vous aide \u00e0 imprimer votre marque!<\/strong>","_et_gb_content_width":"","_monsterinsights_skip_tracking":false,"_monsterinsights_sitenote_active":false,"_monsterinsights_sitenote_note":"","_monsterinsights_sitenote_category":0,"footnotes":""},"class_list":["post-872","page","type-page","status-publish","hentry"],"aioseo_notices":[],"_links":{"self":[{"href":"https:\/\/magriffeetmaplume.com\/index.php?rest_route=\/wp\/v2\/pages\/872","targetHints":{"allow":["GET"]}}],"collection":[{"href":"https:\/\/magriffeetmaplume.com\/index.php?rest_route=\/wp\/v2\/pages"}],"about":[{"href":"https:\/\/magriffeetmaplume.com\/index.php?rest_route=\/wp\/v2\/types\/page"}],"author":[{"embeddable":true,"href":"https:\/\/magriffeetmaplume.com\/index.php?rest_route=\/wp\/v2\/users\/1"}],"replies":[{"embeddable":true,"href":"https:\/\/magriffeetmaplume.com\/index.php?rest_route=%2Fwp%2Fv2%2Fcomments&post=872"}],"version-history":[{"count":41,"href":"https:\/\/magriffeetmaplume.com\/index.php?rest_route=\/wp\/v2\/pages\/872\/revisions"}],"predecessor-version":[{"id":1844,"href":"https:\/\/magriffeetmaplume.com\/index.php?rest_route=\/wp\/v2\/pages\/872\/revisions\/1844"}],"wp:attachment":[{"href":"https:\/\/magriffeetmaplume.com\/index.php?rest_route=%2Fwp%2Fv2%2Fmedia&parent=872"}],"curies":[{"name":"wp","href":"https:\/\/api.w.org\/{rel}","templated":true}]}}